{"id":612,"date":"2016-03-07T03:11:04","date_gmt":"2016-03-07T03:11:04","guid":{"rendered":"https:\/\/themesgavias.com\/wp\/indutri\/?page_id=612"},"modified":"2022-02-14T04:01:32","modified_gmt":"2022-02-14T04:01:32","slug":"about-page","status":"publish","type":"page","link":"https:\/\/yimesinsaat.com\/?page_id=612","title":{"rendered":"About Us"},"content":{"rendered":"\t\t<div data-elementor-type=\"wp-post\" data-elementor-id=\"612\" class=\"elementor elementor-612\">\n\t\t\t\t\t\t<section class=\"elementor-section elementor-top-section elementor-element elementor-element-1279549a elementor-section-boxed elementor-section-height-default elementor-section-height-default\" data-id=\"1279549a\" data-element_type=\"section\">\n\t\t\t\t\t\t<div class=\"elementor-container elementor-column-gap-default\">\n\t\t\t\t\t<div class=\"elementor-column elementor-col-100 elementor-top-column elementor-element elementor-element-2d41672 top column-style-top\" data-id=\"2d41672\" data-element_type=\"column\">\n\t\t\t<div class=\"elementor-widget-wrap elementor-element-populated\">\n\t\t\t\t\t\t<section class=\"elementor-section elementor-inner-section elementor-element elementor-element-3054b3dc elementor-section-boxed elementor-section-height-default elementor-section-height-default\" data-id=\"3054b3dc\" data-element_type=\"section\">\n\t\t\t\t\t\t<div class=\"elementor-container elementor-column-gap-default\">\n\t\t\t\t\t<div class=\"elementor-column elementor-col-100 elementor-inner-column elementor-element elementor-element-61306f8a top column-style-top\" data-id=\"61306f8a\" data-element_type=\"column\">\n\t\t\t<div class=\"elementor-widget-wrap elementor-element-populated\">\n\t\t\t\t\t\t<div class=\"elementor-element elementor-element-373622e elementor-widget elementor-widget-heading\" data-id=\"373622e\" data-element_type=\"widget\" data-widget_type=\"heading.default\">\n\t\t\t\t<div class=\"elementor-widget-container\">\n\t\t\t<h1 class=\"elementor-heading-title elementor-size-default\">Hakk\u0131m\u0131zda<\/h1>\t\t<\/div>\n\t\t\t\t<\/div>\n\t\t\t\t<div class=\"elementor-element elementor-element-22f0ad2 elementor-widget elementor-widget-text-editor\" data-id=\"22f0ad2\" data-element_type=\"widget\" data-widget_type=\"text-editor.default\">\n\t\t\t\t<div class=\"elementor-widget-container\">\n\t\t\t\t\t\t\t<p><span style=\"white-space: pre-wrap;\">Yimes \u0130n\u015faat A.\u015e. 20.11.2019 tarihinde Yalova Makine \u0130htisas OSB taraf\u0131ndan y\u00fczde y\u00fcz\u00fc OSB\u2019ye ait, uluslararas\u0131 genel m\u00fcteahhitlik firmas\u0131 olarak kurulmu\u015f ve faaliyetinin ba\u015flang\u0131c\u0131ndan bu yana b\u00fcy\u00fck \u00e7apl\u0131 ve y\u00fcksek teknoloji \u00fcr\u00fcn\u00fc bir\u00e7ok proje yapmay\u0131 hedeflemektedir. Bunun yan\u0131nda altyap\u0131 ve \u00fcstyap\u0131 \u00e7al\u0131\u015fmalar\u0131 ger\u00e7ekle\u015ftirmektedir. 2021 y\u0131l\u0131 itibariyle Yimes \u0130n\u015faat A.\u015e.\u2019 nin faaliyet sahas\u0131, \u00fcst\u00fcn teknolojik ve idari altyap\u0131s\u0131, in\u015faat sekt\u00f6r\u00fcndeki lider pozisyonu, bir\u00e7ok teknik ve idari personeli, g\u00fc\u00e7l\u00fc makine ve ekipman park\u0131 ve finansman temin kabiliyetiyle \u00e7al\u0131\u015fmalar\u0131na devam etmektedir. Yimes \u0130n\u015faat A.\u015e. kurulu\u015funun ilk g\u00fcn\u00fcnden itibaren Yalova \u0130mes Makine \u0130htisas OSB Yerli, Ye\u015fil, Yenilik\u00e7i, Yal\u0131n ve Y\u00fcksek Teknoloji anlay\u0131\u015f\u0131n\u0131 temel alarak gen\u00e7 ve dinamik ruh ile emin ad\u0131mlarla ilerlemektedir.<\/span><\/p>\t\t\t\t\t\t<\/div>\n\t\t\t\t<\/div>\n\t\t\t\t<div class=\"elementor-element elementor-element-f387521 elementor-widget elementor-widget-heading\" data-id=\"f387521\" data-element_type=\"widget\" data-widget_type=\"heading.default\">\n\t\t\t\t<div class=\"elementor-widget-container\">\n\t\t\t<h2 class=\"elementor-heading-title elementor-size-default\">Vizyon \/ Misyon<\/h2>\t\t<\/div>\n\t\t\t\t<\/div>\n\t\t\t\t<div class=\"elementor-element elementor-element-cfe7c1b elementor-widget elementor-widget-text-editor\" data-id=\"cfe7c1b\" data-element_type=\"widget\" data-widget_type=\"text-editor.default\">\n\t\t\t\t<div class=\"elementor-widget-container\">\n\t\t\t\t\t\t\t<p><span style=\"white-space: pre-wrap;\">Y\u0130MES \u0130n\u015faat A.\u015e. olarak Yerli, Ye\u015fil, Yenilik\u00e7i, Yal\u0131n ve Y\u00fcksek Teknoloji hedefiyle insana ve \u00e7evreye \u00f6nem veren, yerli ve uluslararas\u0131 standartlara uygun projeler geli\u015ftirmek, \u00dclkemizde ve Uluslararas\u0131 platformda insan ve \u00e7evrenin \u00f6nceli\u011fi oldu\u011fu alt ve \u00fcst yap\u0131lar\u0131 ile Ye\u015fil Sanayi B\u00f6lgesi kurulumlar\u0131nda \u00f6nc\u00fc olmak temel vizyon ve misyonumuzdur.<\/span><\/p>\t\t\t\t\t\t<\/div>\n\t\t\t\t<\/div>\n\t\t\t\t\t<\/div>\n\t\t<\/div>\n\t\t\t\t\t<\/div>\n\t\t<\/section>\n\t\t\t\t\t<\/div>\n\t\t<\/div>\n\t\t\t\t\t<\/div>\n\t\t<\/section>\n\t\t\t\t<section class=\"elementor-section elementor-top-section elementor-element elementor-element-353a117 elementor-section-boxed elementor-section-height-default elementor-section-height-default\" data-id=\"353a117\" data-element_type=\"section\" data-settings=\"{&quot;background_background&quot;:&quot;classic&quot;}\">\n\t\t\t\t\t\t<div class=\"elementor-container elementor-column-gap-default\">\n\t\t\t\t\t<div class=\"elementor-column elementor-col-100 elementor-top-column elementor-element elementor-element-1d56248a top column-style-top\" data-id=\"1d56248a\" data-element_type=\"column\">\n\t\t\t<div class=\"elementor-widget-wrap elementor-element-populated\">\n\t\t\t\t\t\t<div class=\"elementor-element elementor-element-41c9c009 elementor-widget elementor-widget-gva-call-to-action\" data-id=\"41c9c009\" data-element_type=\"widget\" data-widget_type=\"gva-call-to-action.default\">\n\t\t\t\t<div class=\"elementor-widget-container\">\n\t\t\t<div class=\"gva-element-gva-call-to-action gva-element\">\r\n   <div class=\"button-right widget gsc-call-to-action\">\r\n      <div class=\"content-inner clearfix\" >\r\n         <div class=\"cta-content\">\r\n                           <h2 class=\"title\">\r\n                  <span>Projeniz i\u00e7in y\u00fcksek kalitede i\u015f yapan bir \u00e7\u00f6z\u00fcm orta\u011f\u0131 ar\u0131yorsan\u0131z bizimle ileti\u015fime ge\u00e7in<\/span>\r\n               <\/h2>\r\n                                             <\/div>\r\n                     <div class=\"button-action\">\r\n                       <a href=\"https:\/\/txf.4a1.myftpupload.com\/?page_id=610\" class=\"btn-cta btn-theme\">\r\n          <span>\u0130leti\u015fime Ge\u00e7in<\/span>\r\n        <\/a>\r\n\r\n                    <\/div>\r\n               <\/div>\r\n   <\/div>\r\n<\/div>\t\t<\/div>\n\t\t\t\t<\/div>\n\t\t\t\t\t<\/div>\n\t\t<\/div>\n\t\t\t\t\t<\/div>\n\t\t<\/section>\n\t\t\t\t<\/div>\n\t\t","protected":false},"excerpt":{"rendered":"<p>Hakk\u0131m\u0131zda Yimes \u0130n\u015faat A.\u015e. 20.11.2019 tarihinde Yalova Makine \u0130htisas OSB taraf\u0131ndan y\u00fczde y\u00fcz\u00fc OSB\u2019ye ait, uluslararas\u0131 genel m\u00fcteahhitlik firmas\u0131 olarak kurulmu\u015f ve faaliyetinin ba\u015flang\u0131c\u0131ndan bu yana b\u00fcy\u00fck \u00e7apl\u0131 ve y\u00fcksek teknoloji \u00fcr\u00fcn\u00fc bir\u00e7ok proje yapmay\u0131 hedeflemektedir. Bunun yan\u0131nda altyap\u0131 ve \u00fcstyap\u0131 \u00e7al\u0131\u015fmalar\u0131 ger\u00e7ekle\u015ftirmektedir. 2021 y\u0131l\u0131 itibariyle Yimes \u0130n\u015faat A.\u015e.\u2019 nin faaliyet sahas\u0131, \u00fcst\u00fcn teknolojik ve [&hellip;]<\/p>\n","protected":false},"author":1,"featured_media":0,"parent":0,"menu_order":0,"comment_status":"closed","ping_status":"closed","template":"","meta":{"footnotes":""},"class_list":["post-612","page","type-page","status-publish","hentry"],"_links":{"self":[{"href":"https:\/\/yimesinsaat.com\/index.php?rest_route=\/wp\/v2\/pages\/612","targetHints":{"allow":["GET"]}}],"collection":[{"href":"https:\/\/yimesinsaat.com\/index.php?rest_route=\/wp\/v2\/pages"}],"about":[{"href":"https:\/\/yimesinsaat.com\/index.php?rest_route=\/wp\/v2\/types\/page"}],"author":[{"embeddable":true,"href":"https:\/\/yimesinsaat.com\/index.php?rest_route=\/wp\/v2\/users\/1"}],"replies":[{"embeddable":true,"href":"https:\/\/yimesinsaat.com\/index.php?rest_route=%2Fwp%2Fv2%2Fcomments&post=612"}],"version-history":[{"count":25,"href":"https:\/\/yimesinsaat.com\/index.php?rest_route=\/wp\/v2\/pages\/612\/revisions"}],"predecessor-version":[{"id":11478,"href":"https:\/\/yimesinsaat.com\/index.php?rest_route=\/wp\/v2\/pages\/612\/revisions\/11478"}],"wp:attachment":[{"href":"https:\/\/yimesinsaat.com\/index.php?rest_route=%2Fwp%2Fv2%2Fmedia&parent=612"}],"curies":[{"name":"wp","href":"https:\/\/api.w.org\/{rel}","templated":true}]}}